{"id":134,"date":"2022-01-09T16:49:12","date_gmt":"2022-01-09T16:49:12","guid":{"rendered":"https:\/\/www.cmr.com.pl\/?page_id=134"},"modified":"2022-01-20T21:52:01","modified_gmt":"2022-01-20T21:52:01","slug":"services","status":"publish","type":"page","link":"https:\/\/www.cmr.com.pl\/en\/services\/","title":{"rendered":"Services"},"content":{"rendered":"<div class=\"bg-light mb-3 border-0 p-3\">\r\n        <h4 class=\"card-title mb-2\"><a href=\"https:\/\/www.cmr.com.pl\/en\/services\/purchasing-habits-analysis\/\"class=\"text-grey\">Purchasing habits analysis<\/a><\/h4>\r\n                    \r\n                    <a href=\"https:\/\/www.cmr.com.pl\/en\/services\/purchasing-habits-analysis\/\" class=\"more-link float-end\">read on<\/a><div class=\"clearfix\"><\/div><\/div> <div class=\"bg-light mb-3 border-0 p-3\">\r\n        <h4 class=\"card-title mb-2\"><a href=\"https:\/\/www.cmr.com.pl\/en\/services\/retail-sales-measurement\/\"class=\"text-grey\">Retail sales measurement<\/a><\/h4>\r\n                    \r\n                    <a href=\"https:\/\/www.cmr.com.pl\/en\/services\/retail-sales-measurement\/\" class=\"more-link float-end\">read on<\/a><div class=\"clearfix\"><\/div><\/div> <div class=\"bg-light mb-3 border-0 p-3\">\r\n        <h4 class=\"card-title mb-2\"><a href=\"https:\/\/www.cmr.com.pl\/en\/services\/market-tests\/\"class=\"text-grey\">Market tests<\/a><\/h4>\r\n                    \r\n                    <a href=\"https:\/\/www.cmr.com.pl\/en\/services\/market-tests\/\" class=\"more-link float-end\">read on<\/a><div class=\"clearfix\"><\/div><\/div> \n","protected":false},"excerpt":{"rendered":"","protected":false},"author":1,"featured_media":218,"parent":0,"menu_order":2,"comment_status":"closed","ping_status":"closed","template":"","meta":{"_acf_changed":false,"footnotes":""},"class_list":["post-134","page","type-page","status-publish","has-post-thumbnail","hentry"],"acf":[],"yoast_head":"<!-- This site is optimized with the Yoast SEO plugin v27.5 - https:\/\/yoast.com\/product\/yoast-seo-wordpress\/ -->\n<title>Services - CMR - Centrum Monitorowania Rynku - Sprzeda\u017c FMCG - Monitoring - Analiza - Trafne Decyzje<\/title>\n<meta name=\"robots\" content=\"index, follow, max-snippet:-1, max-image-preview:large, max-video-preview:-1\" \/>\n<link rel=\"canonical\" href=\"https:\/\/www.cmr.com.pl\/en\/services\/\" \/>\n<meta property=\"og:locale\" content=\"en_US\" \/>\n<meta property=\"og:type\" content=\"article\" \/>\n<meta property=\"og:title\" content=\"Services - CMR - Centrum Monitorowania Rynku - Sprzeda\u017c FMCG - Monitoring - Analiza - Trafne Decyzje\" \/>\n<meta property=\"og:url\" content=\"https:\/\/www.cmr.com.pl\/en\/services\/\" \/>\n<meta property=\"og:site_name\" content=\"CMR - Centrum Monitorowania Rynku - Sprzeda\u017c FMCG - Monitoring - Analiza - Trafne Decyzje\" \/>\n<meta property=\"article:modified_time\" content=\"2022-01-20T21:52:01+00:00\" \/>\n<meta property=\"og:image\" content=\"https:\/\/www.cmr.com.pl\/wp-content\/uploads\/2022\/01\/podstrona.png\" \/>\n\t<meta property=\"og:image:width\" content=\"1920\" \/>\n\t<meta property=\"og:image:height\" content=\"424\" \/>\n\t<meta property=\"og:image:type\" content=\"image\/png\" \/>\n<meta name=\"twitter:card\" content=\"summary_large_image\" \/>\n<script type=\"application\/ld+json\" class=\"yoast-schema-graph\">{\"@context\":\"https:\\\/\\\/schema.org\",\"@graph\":[{\"@type\":\"WebPage\",\"@id\":\"https:\\\/\\\/www.cmr.com.pl\\\/en\\\/services\\\/\",\"url\":\"https:\\\/\\\/www.cmr.com.pl\\\/en\\\/services\\\/\",\"name\":\"Services - CMR - Centrum Monitorowania Rynku - Sprzeda\u017c FMCG - Monitoring - Analiza - Trafne Decyzje\",\"isPartOf\":{\"@id\":\"https:\\\/\\\/www.cmr.com.pl\\\/en\\\/#website\"},\"primaryImageOfPage\":{\"@id\":\"https:\\\/\\\/www.cmr.com.pl\\\/en\\\/services\\\/#primaryimage\"},\"image\":{\"@id\":\"https:\\\/\\\/www.cmr.com.pl\\\/en\\\/services\\\/#primaryimage\"},\"thumbnailUrl\":\"https:\\\/\\\/www.cmr.com.pl\\\/wp-content\\\/uploads\\\/2022\\\/01\\\/podstrona.png\",\"datePublished\":\"2022-01-09T16:49:12+00:00\",\"dateModified\":\"2022-01-20T21:52:01+00:00\",\"breadcrumb\":{\"@id\":\"https:\\\/\\\/www.cmr.com.pl\\\/en\\\/services\\\/#breadcrumb\"},\"inLanguage\":\"en-US\",\"potentialAction\":[{\"@type\":\"ReadAction\",\"target\":[\"https:\\\/\\\/www.cmr.com.pl\\\/en\\\/services\\\/\"]}]},{\"@type\":\"ImageObject\",\"inLanguage\":\"en-US\",\"@id\":\"https:\\\/\\\/www.cmr.com.pl\\\/en\\\/services\\\/#primaryimage\",\"url\":\"https:\\\/\\\/www.cmr.com.pl\\\/wp-content\\\/uploads\\\/2022\\\/01\\\/podstrona.png\",\"contentUrl\":\"https:\\\/\\\/www.cmr.com.pl\\\/wp-content\\\/uploads\\\/2022\\\/01\\\/podstrona.png\",\"width\":1920,\"height\":424},{\"@type\":\"BreadcrumbList\",\"@id\":\"https:\\\/\\\/www.cmr.com.pl\\\/en\\\/services\\\/#breadcrumb\",\"itemListElement\":[{\"@type\":\"ListItem\",\"position\":1,\"name\":\"Strona g\u0142\u00f3wna\",\"item\":\"https:\\\/\\\/www.cmr.com.pl\\\/en\\\/\"},{\"@type\":\"ListItem\",\"position\":2,\"name\":\"Services\"}]},{\"@type\":\"WebSite\",\"@id\":\"https:\\\/\\\/www.cmr.com.pl\\\/en\\\/#website\",\"url\":\"https:\\\/\\\/www.cmr.com.pl\\\/en\\\/\",\"name\":\"CMR - Centrum Monitorowania Rynku - Sprzeda\u017c FMCG - Monitoring - Analiza - Trafne Decyzje\",\"description\":\"Centrum Monitorowania Rynku, CMR, Panel sklep\u00f3w, Panel gospodarstw domowych, monitoring sprzeda\u017cy, testy rynkowe, eksperymenty w sklepach, modelowanie ekonometryczne marketing-mix, badanie elastyczno\u015bci cenowej, FMCG, monitoring cen, analizy zwyczaj\u00f3w zakupowych, analizy koszykowe, sklepy spo\u017cywcze, sklepy ma\u0142oformatowe, sklepy wielkoformatowe, supermarkety, dyskonty, hipermarkety, handel detaliczny, e-commerce, \u017babka, Biedronka, Stokrotka, Lidl, Dino, Auchan, badania marketingowe, badania rynku, marketing, sprzeda\u017c, merchandising, zarz\u0105dzanie kategori\u0105, skuteczno\u015b\u0107 dzia\u0142a\u0144 marketing-mix, badanie efektywno\u015bci promocji, optymalizacja asortymentu, trendy rynkowe, business intelligence, Nielsen, GfK, papierosy, piwo, w\u00f3dka, s\u0142odycze, napoje, Retail sales measurement, Market tests, Purchasing habits analysis, market research agency, Retail panel, sales monitoring, price elasticity\",\"potentialAction\":[{\"@type\":\"SearchAction\",\"target\":{\"@type\":\"EntryPoint\",\"urlTemplate\":\"https:\\\/\\\/www.cmr.com.pl\\\/en\\\/?s={search_term_string}\"},\"query-input\":{\"@type\":\"PropertyValueSpecification\",\"valueRequired\":true,\"valueName\":\"search_term_string\"}}],\"inLanguage\":\"en-US\"}]}<\/script>\n<!-- \/ Yoast SEO plugin. -->","yoast_head_json":{"title":"Services - CMR - Centrum Monitorowania Rynku - Sprzeda\u017c FMCG - Monitoring - Analiza - Trafne Decyzje","robots":{"index":"index","follow":"follow","max-snippet":"max-snippet:-1","max-image-preview":"max-image-preview:large","max-video-preview":"max-video-preview:-1"},"canonical":"https:\/\/www.cmr.com.pl\/en\/services\/","og_locale":"en_US","og_type":"article","og_title":"Services - CMR - Centrum Monitorowania Rynku - Sprzeda\u017c FMCG - Monitoring - Analiza - Trafne Decyzje","og_url":"https:\/\/www.cmr.com.pl\/en\/services\/","og_site_name":"CMR - Centrum Monitorowania Rynku - Sprzeda\u017c FMCG - Monitoring - Analiza - Trafne Decyzje","article_modified_time":"2022-01-20T21:52:01+00:00","og_image":[{"width":1920,"height":424,"url":"https:\/\/www.cmr.com.pl\/wp-content\/uploads\/2022\/01\/podstrona.png","type":"image\/png"}],"twitter_card":"summary_large_image","schema":{"@context":"https:\/\/schema.org","@graph":[{"@type":"WebPage","@id":"https:\/\/www.cmr.com.pl\/en\/services\/","url":"https:\/\/www.cmr.com.pl\/en\/services\/","name":"Services - CMR - Centrum Monitorowania Rynku - Sprzeda\u017c FMCG - Monitoring - Analiza - Trafne Decyzje","isPartOf":{"@id":"https:\/\/www.cmr.com.pl\/en\/#website"},"primaryImageOfPage":{"@id":"https:\/\/www.cmr.com.pl\/en\/services\/#primaryimage"},"image":{"@id":"https:\/\/www.cmr.com.pl\/en\/services\/#primaryimage"},"thumbnailUrl":"https:\/\/www.cmr.com.pl\/wp-content\/uploads\/2022\/01\/podstrona.png","datePublished":"2022-01-09T16:49:12+00:00","dateModified":"2022-01-20T21:52:01+00:00","breadcrumb":{"@id":"https:\/\/www.cmr.com.pl\/en\/services\/#breadcrumb"},"inLanguage":"en-US","potentialAction":[{"@type":"ReadAction","target":["https:\/\/www.cmr.com.pl\/en\/services\/"]}]},{"@type":"ImageObject","inLanguage":"en-US","@id":"https:\/\/www.cmr.com.pl\/en\/services\/#primaryimage","url":"https:\/\/www.cmr.com.pl\/wp-content\/uploads\/2022\/01\/podstrona.png","contentUrl":"https:\/\/www.cmr.com.pl\/wp-content\/uploads\/2022\/01\/podstrona.png","width":1920,"height":424},{"@type":"BreadcrumbList","@id":"https:\/\/www.cmr.com.pl\/en\/services\/#breadcrumb","itemListElement":[{"@type":"ListItem","position":1,"name":"Strona g\u0142\u00f3wna","item":"https:\/\/www.cmr.com.pl\/en\/"},{"@type":"ListItem","position":2,"name":"Services"}]},{"@type":"WebSite","@id":"https:\/\/www.cmr.com.pl\/en\/#website","url":"https:\/\/www.cmr.com.pl\/en\/","name":"CMR - Centrum Monitorowania Rynku - Sprzeda\u017c FMCG - Monitoring - Analiza - Trafne Decyzje","description":"Centrum Monitorowania Rynku, CMR, Panel sklep\u00f3w, Panel gospodarstw domowych, monitoring sprzeda\u017cy, testy rynkowe, eksperymenty w sklepach, modelowanie ekonometryczne marketing-mix, badanie elastyczno\u015bci cenowej, FMCG, monitoring cen, analizy zwyczaj\u00f3w zakupowych, analizy koszykowe, sklepy spo\u017cywcze, sklepy ma\u0142oformatowe, sklepy wielkoformatowe, supermarkety, dyskonty, hipermarkety, handel detaliczny, e-commerce, \u017babka, Biedronka, Stokrotka, Lidl, Dino, Auchan, badania marketingowe, badania rynku, marketing, sprzeda\u017c, merchandising, zarz\u0105dzanie kategori\u0105, skuteczno\u015b\u0107 dzia\u0142a\u0144 marketing-mix, badanie efektywno\u015bci promocji, optymalizacja asortymentu, trendy rynkowe, business intelligence, Nielsen, GfK, papierosy, piwo, w\u00f3dka, s\u0142odycze, napoje, Retail sales measurement, Market tests, Purchasing habits analysis, market research agency, Retail panel, sales monitoring, price elasticity","potentialAction":[{"@type":"SearchAction","target":{"@type":"EntryPoint","urlTemplate":"https:\/\/www.cmr.com.pl\/en\/?s={search_term_string}"},"query-input":{"@type":"PropertyValueSpecification","valueRequired":true,"valueName":"search_term_string"}}],"inLanguage":"en-US"}]}},"_links":{"self":[{"href":"https:\/\/www.cmr.com.pl\/en\/wp-json\/wp\/v2\/pages\/134","targetHints":{"allow":["GET"]}}],"collection":[{"href":"https:\/\/www.cmr.com.pl\/en\/wp-json\/wp\/v2\/pages"}],"about":[{"href":"https:\/\/www.cmr.com.pl\/en\/wp-json\/wp\/v2\/types\/page"}],"author":[{"embeddable":true,"href":"https:\/\/www.cmr.com.pl\/en\/wp-json\/wp\/v2\/users\/1"}],"replies":[{"embeddable":true,"href":"https:\/\/www.cmr.com.pl\/en\/wp-json\/wp\/v2\/comments?post=134"}],"version-history":[{"count":4,"href":"https:\/\/www.cmr.com.pl\/en\/wp-json\/wp\/v2\/pages\/134\/revisions"}],"predecessor-version":[{"id":325,"href":"https:\/\/www.cmr.com.pl\/en\/wp-json\/wp\/v2\/pages\/134\/revisions\/325"}],"wp:featuredmedia":[{"embeddable":true,"href":"https:\/\/www.cmr.com.pl\/en\/wp-json\/wp\/v2\/media\/218"}],"wp:attachment":[{"href":"https:\/\/www.cmr.com.pl\/en\/wp-json\/wp\/v2\/media?parent=134"}],"curies":[{"name":"wp","href":"https:\/\/api.w.org\/{rel}","templated":true}]}}