{"id":284,"date":"2022-01-17T22:04:23","date_gmt":"2022-01-17T22:04:23","guid":{"rendered":"https:\/\/www.cmr.com.pl\/strona-glowna\/"},"modified":"2022-01-26T14:37:00","modified_gmt":"2022-01-26T14:37:00","slug":"strona-glowna","status":"publish","type":"page","link":"https:\/\/www.cmr.com.pl\/en\/","title":{"rendered":"Home"},"content":{"rendered":"<h3>About us<\/h3>\n<p>CMR is an independent market research agency developing innovative research tools based on electronic transactional data. Our main areas of interest are: &#8211; quick measurement of marketing-mix activities\u2019 impact on FMCG sales results &#8211; precise analysis of purchasing behavior based on transactional\/receipt data We cooperate with both FMCG manufacturers and distribution chains. CMR \u2013 an expert in market research based on transactional data analysis<\/p>\n","protected":false},"excerpt":{"rendered":"<p>About us CMR is an independent market research agency developing innovative research tools based on electronic transactional data. Our main areas of interest are: &#8211; quick measurement of marketing-mix activities\u2019 impact on FMCG sales results &#8211; precise analysis of purchasing behavior based on transactional\/receipt data We cooperate with both FMCG manufacturers and distribution chains. CMR [&hellip;]<\/p>\n","protected":false},"author":1,"featured_media":0,"parent":0,"menu_order":0,"comment_status":"closed","ping_status":"closed","template":"","meta":{"_acf_changed":false,"footnotes":""},"class_list":["post-284","page","type-page","status-publish","hentry"],"acf":[],"yoast_head":"<!-- This site is optimized with the Yoast SEO plugin v27.5 - https:\/\/yoast.com\/product\/yoast-seo-wordpress\/ -->\n<title>Home - CMR - Centrum Monitorowania Rynku - Sprzeda\u017c FMCG - Monitoring - Analiza - Trafne Decyzje<\/title>\n<meta name=\"robots\" content=\"index, follow, max-snippet:-1, max-image-preview:large, max-video-preview:-1\" \/>\n<link rel=\"canonical\" href=\"https:\/\/www.cmr.com.pl\/en\/\" \/>\n<meta property=\"og:locale\" content=\"en_US\" \/>\n<meta property=\"og:type\" content=\"article\" \/>\n<meta property=\"og:title\" content=\"Home - CMR - Centrum Monitorowania Rynku - Sprzeda\u017c FMCG - Monitoring - Analiza - Trafne Decyzje\" \/>\n<meta property=\"og:description\" content=\"About us CMR is an independent market research agency developing innovative research tools based on electronic transactional data. Our main areas of interest are: &#8211; quick measurement of marketing-mix activities\u2019 impact on FMCG sales results &#8211; precise analysis of purchasing behavior based on transactional\/receipt data We cooperate with both FMCG manufacturers and distribution chains. CMR [&hellip;]\" \/>\n<meta property=\"og:url\" content=\"https:\/\/www.cmr.com.pl\/en\/\" \/>\n<meta property=\"og:site_name\" content=\"CMR - Centrum Monitorowania Rynku - Sprzeda\u017c FMCG - Monitoring - Analiza - Trafne Decyzje\" \/>\n<meta property=\"article:modified_time\" content=\"2022-01-26T14:37:00+00:00\" \/>\n<meta name=\"twitter:card\" content=\"summary_large_image\" \/>\n<script type=\"application\/ld+json\" class=\"yoast-schema-graph\">{\"@context\":\"https:\\\/\\\/schema.org\",\"@graph\":[{\"@type\":\"WebPage\",\"@id\":\"https:\\\/\\\/www.cmr.com.pl\\\/en\\\/\",\"url\":\"https:\\\/\\\/www.cmr.com.pl\\\/en\\\/\",\"name\":\"Home - CMR - Centrum Monitorowania Rynku - Sprzeda\u017c FMCG - Monitoring - Analiza - Trafne Decyzje\",\"isPartOf\":{\"@id\":\"https:\\\/\\\/www.cmr.com.pl\\\/en\\\/#website\"},\"datePublished\":\"2022-01-17T22:04:23+00:00\",\"dateModified\":\"2022-01-26T14:37:00+00:00\",\"breadcrumb\":{\"@id\":\"https:\\\/\\\/www.cmr.com.pl\\\/en\\\/#breadcrumb\"},\"inLanguage\":\"en-US\",\"potentialAction\":[{\"@type\":\"ReadAction\",\"target\":[\"https:\\\/\\\/www.cmr.com.pl\\\/en\\\/\"]}]},{\"@type\":\"BreadcrumbList\",\"@id\":\"https:\\\/\\\/www.cmr.com.pl\\\/en\\\/#breadcrumb\",\"itemListElement\":[{\"@type\":\"ListItem\",\"position\":1,\"name\":\"Strona g\u0142\u00f3wna\",\"item\":\"https:\\\/\\\/www.cmr.com.pl\\\/en\\\/\"},{\"@type\":\"ListItem\",\"position\":2,\"name\":\"Home\"}]},{\"@type\":\"WebSite\",\"@id\":\"https:\\\/\\\/www.cmr.com.pl\\\/en\\\/#website\",\"url\":\"https:\\\/\\\/www.cmr.com.pl\\\/en\\\/\",\"name\":\"CMR - Centrum Monitorowania Rynku - Sprzeda\u017c FMCG - Monitoring - Analiza - Trafne Decyzje\",\"description\":\"Centrum Monitorowania Rynku, CMR, Panel sklep\u00f3w, Panel gospodarstw domowych, monitoring sprzeda\u017cy, testy rynkowe, eksperymenty w sklepach, modelowanie ekonometryczne marketing-mix, badanie elastyczno\u015bci cenowej, FMCG, monitoring cen, analizy zwyczaj\u00f3w zakupowych, analizy koszykowe, sklepy spo\u017cywcze, sklepy ma\u0142oformatowe, sklepy wielkoformatowe, supermarkety, dyskonty, hipermarkety, handel detaliczny, e-commerce, \u017babka, Biedronka, Stokrotka, Lidl, Dino, Auchan, badania marketingowe, badania rynku, marketing, sprzeda\u017c, merchandising, zarz\u0105dzanie kategori\u0105, skuteczno\u015b\u0107 dzia\u0142a\u0144 marketing-mix, badanie efektywno\u015bci promocji, optymalizacja asortymentu, trendy rynkowe, business intelligence, Nielsen, GfK, papierosy, piwo, w\u00f3dka, s\u0142odycze, napoje, Retail sales measurement, Market tests, Purchasing habits analysis, market research agency, Retail panel, sales monitoring, price elasticity\",\"potentialAction\":[{\"@type\":\"SearchAction\",\"target\":{\"@type\":\"EntryPoint\",\"urlTemplate\":\"https:\\\/\\\/www.cmr.com.pl\\\/en\\\/?s={search_term_string}\"},\"query-input\":{\"@type\":\"PropertyValueSpecification\",\"valueRequired\":true,\"valueName\":\"search_term_string\"}}],\"inLanguage\":\"en-US\"}]}<\/script>\n<!-- \/ Yoast SEO plugin. -->","yoast_head_json":{"title":"Home - CMR - Centrum Monitorowania Rynku - Sprzeda\u017c FMCG - Monitoring - Analiza - Trafne Decyzje","robots":{"index":"index","follow":"follow","max-snippet":"max-snippet:-1","max-image-preview":"max-image-preview:large","max-video-preview":"max-video-preview:-1"},"canonical":"https:\/\/www.cmr.com.pl\/en\/","og_locale":"en_US","og_type":"article","og_title":"Home - CMR - Centrum Monitorowania Rynku - Sprzeda\u017c FMCG - Monitoring - Analiza - Trafne Decyzje","og_description":"About us CMR is an independent market research agency developing innovative research tools based on electronic transactional data. Our main areas of interest are: &#8211; quick measurement of marketing-mix activities\u2019 impact on FMCG sales results &#8211; precise analysis of purchasing behavior based on transactional\/receipt data We cooperate with both FMCG manufacturers and distribution chains. CMR [&hellip;]","og_url":"https:\/\/www.cmr.com.pl\/en\/","og_site_name":"CMR - Centrum Monitorowania Rynku - Sprzeda\u017c FMCG - Monitoring - Analiza - Trafne Decyzje","article_modified_time":"2022-01-26T14:37:00+00:00","twitter_card":"summary_large_image","schema":{"@context":"https:\/\/schema.org","@graph":[{"@type":"WebPage","@id":"https:\/\/www.cmr.com.pl\/en\/","url":"https:\/\/www.cmr.com.pl\/en\/","name":"Home - CMR - Centrum Monitorowania Rynku - Sprzeda\u017c FMCG - Monitoring - Analiza - Trafne Decyzje","isPartOf":{"@id":"https:\/\/www.cmr.com.pl\/en\/#website"},"datePublished":"2022-01-17T22:04:23+00:00","dateModified":"2022-01-26T14:37:00+00:00","breadcrumb":{"@id":"https:\/\/www.cmr.com.pl\/en\/#breadcrumb"},"inLanguage":"en-US","potentialAction":[{"@type":"ReadAction","target":["https:\/\/www.cmr.com.pl\/en\/"]}]},{"@type":"BreadcrumbList","@id":"https:\/\/www.cmr.com.pl\/en\/#breadcrumb","itemListElement":[{"@type":"ListItem","position":1,"name":"Strona g\u0142\u00f3wna","item":"https:\/\/www.cmr.com.pl\/en\/"},{"@type":"ListItem","position":2,"name":"Home"}]},{"@type":"WebSite","@id":"https:\/\/www.cmr.com.pl\/en\/#website","url":"https:\/\/www.cmr.com.pl\/en\/","name":"CMR - Centrum Monitorowania Rynku - Sprzeda\u017c FMCG - Monitoring - Analiza - Trafne Decyzje","description":"Centrum Monitorowania Rynku, CMR, Panel sklep\u00f3w, Panel gospodarstw domowych, monitoring sprzeda\u017cy, testy rynkowe, eksperymenty w sklepach, modelowanie ekonometryczne marketing-mix, badanie elastyczno\u015bci cenowej, FMCG, monitoring cen, analizy zwyczaj\u00f3w zakupowych, analizy koszykowe, sklepy spo\u017cywcze, sklepy ma\u0142oformatowe, sklepy wielkoformatowe, supermarkety, dyskonty, hipermarkety, handel detaliczny, e-commerce, \u017babka, Biedronka, Stokrotka, Lidl, Dino, Auchan, badania marketingowe, badania rynku, marketing, sprzeda\u017c, merchandising, zarz\u0105dzanie kategori\u0105, skuteczno\u015b\u0107 dzia\u0142a\u0144 marketing-mix, badanie efektywno\u015bci promocji, optymalizacja asortymentu, trendy rynkowe, business intelligence, Nielsen, GfK, papierosy, piwo, w\u00f3dka, s\u0142odycze, napoje, Retail sales measurement, Market tests, Purchasing habits analysis, market research agency, Retail panel, sales monitoring, price elasticity","potentialAction":[{"@type":"SearchAction","target":{"@type":"EntryPoint","urlTemplate":"https:\/\/www.cmr.com.pl\/en\/?s={search_term_string}"},"query-input":{"@type":"PropertyValueSpecification","valueRequired":true,"valueName":"search_term_string"}}],"inLanguage":"en-US"}]}},"_links":{"self":[{"href":"https:\/\/www.cmr.com.pl\/en\/wp-json\/wp\/v2\/pages\/284","targetHints":{"allow":["GET"]}}],"collection":[{"href":"https:\/\/www.cmr.com.pl\/en\/wp-json\/wp\/v2\/pages"}],"about":[{"href":"https:\/\/www.cmr.com.pl\/en\/wp-json\/wp\/v2\/types\/page"}],"author":[{"embeddable":true,"href":"https:\/\/www.cmr.com.pl\/en\/wp-json\/wp\/v2\/users\/1"}],"replies":[{"embeddable":true,"href":"https:\/\/www.cmr.com.pl\/en\/wp-json\/wp\/v2\/comments?post=284"}],"version-history":[{"count":12,"href":"https:\/\/www.cmr.com.pl\/en\/wp-json\/wp\/v2\/pages\/284\/revisions"}],"predecessor-version":[{"id":337,"href":"https:\/\/www.cmr.com.pl\/en\/wp-json\/wp\/v2\/pages\/284\/revisions\/337"}],"wp:attachment":[{"href":"https:\/\/www.cmr.com.pl\/en\/wp-json\/wp\/v2\/media?parent=284"}],"curies":[{"name":"wp","href":"https:\/\/api.w.org\/{rel}","templated":true}]}}